{"id":864,"date":"2023-01-24T15:05:25","date_gmt":"2023-01-24T14:05:25","guid":{"rendered":"https:\/\/dev.everpress.everapps.dev\/?page_id=864"},"modified":"2024-11-28T08:36:43","modified_gmt":"2024-11-28T07:36:43","slug":"startseite-2","status":"publish","type":"page","link":"https:\/\/www.platinen-handel.at\/shop\/","title":{"rendered":"Startseite"},"content":{"rendered":"<div class=\"ep-products-teaser  bg-medium space\">\n<div class=\"row\">\n\n\t\n\t<div class=\"col ep-title-container\"><h2>Unsere aktuellen Produkte &#8211;  <span class=\"subline\">werden Sie jetzt f\u00fcndig<\/span><\/h2><a title=\"Schrotthandel in AT-1210 Wien | Platinen Handel Beinhart | Alle Produkte in Onlineshop\" class=\"btn weight-bold icon icon-after-arrow-right margin-bottom\" target=\"_self\" href=\"https:\/\/www.platinen-handel.at\/shop\/alle-produkte\/\">Unseren Shop ansehen<\/a><\/div>\n\n\t<div class=\"col\">\n\t\t<ul class=\"ep-teaser-tiles products margin-bottom \"><li class=\"product type-product post-6084 status-publish first instock product_cat-kabel has-post-thumbnail taxable shipping-taxable purchasable product-type-simple\">\n\t<a title=\"Kupfer gemischt | Platinen Handel Beinhart\" href=\"https:\/\/www.platinen-handel.at\/shop\/product\/kupfer-gemischt\/\" class=\"woocommerce-LoopProduct-link woocommerce-loop-product__link\" aria-label=\"Produkt \u00f6ffnen \u2013 Kupfer gemischt\" data-tooltip=\"focus\"><\/a><img loading=\"lazy\" decoding=\"async\" width=\"300\" height=\"300\" src=\"https:\/\/www.platinen-handel.at\/shop\/wp-content\/uploads\/2024\/11\/kupfer-gemischt-300x300.jpg\" class=\"attachment-woocommerce_thumbnail size-woocommerce_thumbnail\" alt=\"Kupfer-gemischt\" srcset=\"https:\/\/www.platinen-handel.at\/shop\/wp-content\/uploads\/2024\/11\/kupfer-gemischt-300x300.jpg 300w, https:\/\/www.platinen-handel.at\/shop\/wp-content\/uploads\/2024\/11\/kupfer-gemischt-150x150.jpg 150w, https:\/\/www.platinen-handel.at\/shop\/wp-content\/uploads\/2024\/11\/kupfer-gemischt-100x100.jpg 100w\" sizes=\"(max-width: 300px) 100vw, 300px\" \/><h2 class=\"woocommerce-loop-product__title\">Kupfer gemischt<\/h2>\n\t<span class=\"price\"><span class=\"woocommerce-Price-amount amount\"><bdi>2,50&nbsp;<span class=\"woocommerce-Price-currencySymbol\">&euro;<\/span><\/bdi><\/span><\/span>\n\n<div class=\"product-info-container\"><\/div><div class=\"mark-container\"><mark class=\"mark-link\"><a href=\"https:\/\/www.platinen-handel.at\/shop\/product-category\/kabel\/\" title=\"Gehe zu Kabel\">Kabel<\/a><\/mark><\/div><a class=\"btn\" tabindex=\"0\" title=\"Zur Wunschliste hinzuf\u00fcgen\" data-text-add=\"Zur Wunschliste hinzuf\u00fcgen\" data-text-remove=\"Entfernen\" data-wishlist=\"6084\">Zur Wunschliste hinzuf\u00fcgen<\/a>\n\n\n\t<p class=\"wc-gzd-additional-info wc-gzd-additional-info-loop tax-info\">inkl. 20 % MwSt.<\/p>\n\n\t<p class=\"wc-gzd-additional-info wc-gzd-additional-info-loop shipping-costs-info\">zzgl. <a href=\"https:\/\/www.platinen-handel.at\/shop\/versandarten\/\" target=\"_blank\">Versandkosten<\/a><\/p>\n\n\n<a href=\"?add-to-cart=6084\" aria-describedby=\"woocommerce_loop_add_to_cart_link_describedby_6084\" data-quantity=\"1\" class=\"button product_type_simple add_to_cart_button ajax_add_to_cart\" data-product_id=\"6084\" data-product_sku=\"\" aria-label=\"In den Warenkorb legen: \u201eKupfer gemischt\u201c\" rel=\"nofollow\" data-success_message=\"\u201eKupfer gemischt\u201c wurde deinem Warenkorb hinzugef\u00fcgt\" data-product-name=\"Kupfer gemischt\" title=\"In den Warenkorb legen: \u201eKupfer gemischt\u201c\">In den Warenkorb<\/a>\t<span id=\"woocommerce_loop_add_to_cart_link_describedby_6084\" class=\"screen-reader-text\">\n\t\t\t<\/span>\n<\/li>\n<\/ul><\/div>\n\n<\/div>\n<\/div><div class=\"ep-content-dynamic  bg-light space \"><div class=\"row   default-between default-middle\"><div class=\"col medium-6 large-5 giant-4 \"><div class=\"box box-big\"><h3>Elektroschrott im Raum Wien<\/h3>\n<p>Der\u00a0<strong>Platinen-Handel Beinhart<\/strong>\u00a0mit Sitz in Wien ist Ihre erfahrene und kompetente Anlaufstelle f\u00fcr den Ankauf und das Recycling von Elektroschrott aller Art!<\/p>\n<div class=\"buttonContainer\"><\/div><\/div><\/div><div class=\"col medium-7 \"><p>Unsere Experten f\u00fcr E-Schrott aus Wien stellen Ihnen nach Anfrage kostenfrei eine Mulde zur Verf\u00fcgung, die Sie bef\u00fcllen k\u00f6nnen. Ihr Vorteil: Wenn Sie bei uns eine Mulde mieten, wird das Material direkt bei Ihnen vor Ort gewogen und anschlie\u00dfend verrechnet.<\/p>\n<p>Wir haben verschiedene Ausf\u00fchrungen f\u00fcr Sie zur Auswahl: Von Absetzmulden in diversen Gr\u00f6\u00dfen \u00fcber Gitterboxen bis hin zu Modellen mit bis zu 30m\u00b3 Volumen ist bei uns in Wien alles erh\u00e4ltlich. Sicher ist auch f\u00fcr Sie das Passende dabei!<\/p>\n<\/div><\/div><\/div><div class=\"ep-block-categories-teaser ep-kategorie-teaser bg-dark space\">\n\t\t<div class=\"row\">\n\n\t\t\t\n\t\t\t<div class=\"col ep-title-container\"><h2>Unsere Produktkategorien  <span class=\"subline\"><\/span><\/h2><a title=\"Schrotthandel in AT-1210 Wien | Platinen Handel Beinhart | Alle Produkte in Onlineshop\" class=\"btn weight-bold icon icon-after-arrow-right margin-bottom\" target=\"_self\" href=\"https:\/\/www.platinen-handel.at\/shop\/alle-produkte\/\">Alle Kategorien ansehen<\/a><\/div>\n\t\n\t\t\t\t\t\t\t<div class=\"col\">\n\t\t\t\t\t\t\t\t\t<\/div>\n\t\t\t\t\n\t\t<\/div>\n\t<\/div><div class=\"ep-content-dynamic  bg-medium space \"><div class=\"row   default-start default-top\"><div class=\"col large-4 \"><h3>Wir nehmen Ihre alten Gel-, Auto- und Traktionsbatterien entgegen<\/h3>\n<\/div><div class=\"col medium-6 large-4 \"><p>Wenn es um den Ankauf von Bleibatterien geht, dann sind Sie bei uns in den besten H\u00e4nden. Freuen Sie sich auf ein umfassendes Service, das Sie begeistern wird! \u00dcberlassen Sie uns auch die Abholung Ihrer Altbatterien. Diese kann unter Einhaltung aller gesetzlich vorgeschriebenen Bestimmungen (wie zum Beispiel Gefahrenguttransport, Ausstellung eines Begleitscheins, ADR und Co.) organisiert werden.<\/p>\n<\/div><div class=\"col medium-6 large-4 \"><p><strong>\u00dcberlassen Sie uns Ihre:<\/strong><\/p>\n<ul>\n<li>Autobatterien<\/li>\n<li>Gelbatterien<\/li>\n<li>Staplerbatterien<\/li>\n<li>Traktionsbatterien<\/li>\n<li>Batterien f\u00fcr die station\u00e4re Anwendung<\/li>\n<\/ul>\n<div class=\"buttonContainer\"><\/div><\/div><\/div><\/div><div class=\"ep-content-dynamic  bg-light space \"><div class=\"row   default-start default-top\"><h2 class=\"col align-center\">Onlineshop  <span class=\"subline\"><\/span><\/h2><div class=\"col small-6 medium-4 \"><a class=\"ep_indiv_teaserContainer \" href=\"\" title=\"\"><p>Metall<\/p>\n<p>Blindtexte werden ebenfalls zur Demonstration der Gestalt verschiedener Schrifttypen und zu Layoutzwecken verwendet. Sie ergeben in der Regel keinen inhaltlichen Sinn.<\/p>\n<\/a><\/div><div class=\"col small-6 medium-4 \"><a class=\"ep_indiv_teaserContainer \" href=\"\" title=\"\"><p>Kabel<\/p>\n<p>Blindtexte werden ebenfalls zur Demonstration der Gestalt verschiedener Schrifttypen und zu Layoutzwecken verwendet. Sie ergeben in der Regel keinen inhaltlichen Sinn.<\/p>\n<\/a><\/div><div class=\"col small-6 medium-4 \"><a class=\"ep_indiv_teaserContainer \" href=\"\" title=\"\"><p>E-Schrott<\/p>\n<p>Blindtexte werden ebenfalls zur Demonstration der Gestalt verschiedener Schrifttypen und zu Layoutzwecken verwendet. Sie ergeben in der Regel keinen inhaltlichen Sinn.<\/p>\n<\/a><\/div><\/div><\/div>","protected":false},"excerpt":{"rendered":"","protected":false},"author":1,"featured_media":0,"parent":0,"menu_order":0,"comment_status":"closed","ping_status":"closed","template":"","meta":{"_acf_changed":false,"footnotes":""},"class_list":["post-864","page","type-page","status-publish","hentry"],"acf":[],"_links":{"self":[{"href":"https:\/\/www.platinen-handel.at\/shop\/wp-json\/wp\/v2\/pages\/864"}],"collection":[{"href":"https:\/\/www.platinen-handel.at\/shop\/wp-json\/wp\/v2\/pages"}],"about":[{"href":"https:\/\/www.platinen-handel.at\/shop\/wp-json\/wp\/v2\/types\/page"}],"author":[{"embeddable":true,"href":"https:\/\/www.platinen-handel.at\/shop\/wp-json\/wp\/v2\/users\/1"}],"replies":[{"embeddable":true,"href":"https:\/\/www.platinen-handel.at\/shop\/wp-json\/wp\/v2\/comments?post=864"}],"version-history":[{"count":4,"href":"https:\/\/www.platinen-handel.at\/shop\/wp-json\/wp\/v2\/pages\/864\/revisions"}],"predecessor-version":[{"id":6123,"href":"https:\/\/www.platinen-handel.at\/shop\/wp-json\/wp\/v2\/pages\/864\/revisions\/6123"}],"wp:attachment":[{"href":"https:\/\/www.platinen-handel.at\/shop\/wp-json\/wp\/v2\/media?parent=864"}],"curies":[{"name":"wp","href":"https:\/\/api.w.org\/{rel}","templated":true}]}}